{"id":2364,"date":"2019-09-11T12:53:16","date_gmt":"2019-09-11T10:53:16","guid":{"rendered":"https:\/\/dt.phodra.com\/?page_id=2364"},"modified":"2019-10-25T10:56:33","modified_gmt":"2019-10-25T08:56:33","slug":"geschaeftsbedingungen","status":"publish","type":"page","link":"https:\/\/www.kfz-expert.de\/?page_id=2364","title":{"rendered":"Gesch\u00e4ftsbedingungen"},"content":{"rendered":"\r\n<p>Der Auftragnehmer ist berechtigt, im Rahmen der Begutachtung qualifiziertes Personal einzusetzen. Seine Haftung beschr\u00e4nkt sich bei Verm\u00f6genssch\u00e4den auf grobe Fahrl\u00e4ssigkeit und Vorsatz. Regressanspr\u00fcche jeglicher Art k\u00f6nnen vor ihrer Feststellung ohne ausdr\u00fcckliche Zustimmung des Auftragnehmers weder abgetreten noch verpf\u00e4ndet werden.<\/p>\r\n\r\n\r\n\r\n<p><strong>Widerrufsrecht:<\/strong><\/p>\r\n\r\n\r\n\r\n<p>Sie haben das Recht, binnen vierzehn Tagen ohne Angabe von Gr\u00fcnden diesen Vertrag zu widerrufen. Die Widerrufsfrist betr\u00e4gt vierzehn Tage ab Vertragsunterzeichnung. Um lhr Widerrufsrecht auszu\u00fcben, m\u00fcssen Sie uns mittels einer eindeutigen Erkl\u00e4rung (z.B. ein mit der Post versandter Brief, Telefax oder E-Mail) \u00fcber lhren Entschluss, diesen Vetrag zu widerrufen, informieren. Zur Wahrung der Widerrufsfrist reicht es aus, dass Sie die Mitteilung \u00fcber die Aus\u00fcbung des Widerrufsrechts vor Ablauf der Widerrufsfrist absenden.<\/p>\r\n\r\n\r\n\r\n<p>&#8222;Haben Sie verlangt, dass die Dienstleistungen w\u00e4hrend der Widerrufsfrist beginnen sollen, so haben Sie uns einen angemessenen Betrag zu zahlen, der dem Anteil der bis zu dem Zeitpunkt, zu dem Sie uns von der Aus\u00fcbung des Widerrufsrechts hinsichtlich dieses Vertrags unterrichten, bereits erbrachten Dienstteistungen im Vergleich zum Gesamtumfang der im Vertrag vorgesehenen Dienstleistungen entspricht.&#8220;<\/p>\r\n\r\n\r\n\r\n<p>Sie k\u00f6nnen f\u00fcr den Widerruf unser Muster-Widerrufsformular verwenden (PDF-Datei Download unter (<a href=\"https:\/\/www.kfz-expert.de\/wp-content\/uploads\/Muster-Widerrufsformular.pdf\">https:\/\/www.kfz-expert.de\/Muster-Widerrufsformular.pdf<\/a>), das jedoch nicht vorgeschrieben ist.<\/p>\r\n","protected":false},"excerpt":{"rendered":"<p>Der Auftragnehmer ist berechtigt, im Rahmen der Begutachtung qualifiziertes Personal einzusetzen. Seine Haftung beschr\u00e4nkt sich bei Verm\u00f6genssch\u00e4den auf grobe Fahrl\u00e4ssigkeit und Vorsatz. Regressanspr\u00fcche jeglicher Art k\u00f6nnen vor ihrer Feststellung ohne ausdr\u00fcckliche Zustimmung des Auftragnehmers weder abgetreten noch verpf\u00e4ndet werden. Widerrufsrecht: Sie haben das Recht, binnen vierzehn Tagen ohne Angabe von Gr\u00fcnden diesen Vertrag zu widerrufen. [&hellip;]<\/p>\n","protected":false},"author":1,"featured_media":2160,"parent":0,"menu_order":0,"comment_status":"closed","ping_status":"closed","template":"","meta":[],"_links":{"self":[{"href":"https:\/\/www.kfz-expert.de\/index.php?rest_route=\/wp\/v2\/pages\/2364"}],"collection":[{"href":"https:\/\/www.kfz-expert.de\/index.php?rest_route=\/wp\/v2\/pages"}],"about":[{"href":"https:\/\/www.kfz-expert.de\/index.php?rest_route=\/wp\/v2\/types\/page"}],"author":[{"embeddable":true,"href":"https:\/\/www.kfz-expert.de\/index.php?rest_route=\/wp\/v2\/users\/1"}],"replies":[{"embeddable":true,"href":"https:\/\/www.kfz-expert.de\/index.php?rest_route=%2Fwp%2Fv2%2Fcomments&post=2364"}],"version-history":[{"count":2,"href":"https:\/\/www.kfz-expert.de\/index.php?rest_route=\/wp\/v2\/pages\/2364\/revisions"}],"predecessor-version":[{"id":3043,"href":"https:\/\/www.kfz-expert.de\/index.php?rest_route=\/wp\/v2\/pages\/2364\/revisions\/3043"}],"wp:featuredmedia":[{"embeddable":true,"href":"https:\/\/www.kfz-expert.de\/index.php?rest_route=\/wp\/v2\/media\/2160"}],"wp:attachment":[{"href":"https:\/\/www.kfz-expert.de\/index.php?rest_route=%2Fwp%2Fv2%2Fmedia&parent=2364"}],"curies":[{"name":"wp","href":"https:\/\/api.w.org\/{rel}","templated":true}]}}