{"id":2326,"date":"2019-09-11T11:49:45","date_gmt":"2019-09-11T09:49:45","guid":{"rendered":"https:\/\/dt.phodra.com\/?page_id=2326"},"modified":"2019-10-15T12:39:50","modified_gmt":"2019-10-15T10:39:50","slug":"urteile","status":"publish","type":"page","link":"https:\/\/www.kfz-expert.de\/?page_id=2326","title":{"rendered":"Urteile"},"content":{"rendered":"<p>[vc_row equal_height=&#8220;yes&#8220; css=&#8220;.vc_custom_1554350523055{padding-top: 70px !important;padding-bottom: 100px !important;}&#8220;][vc_column]\n    <div class=\"section-head \">\n                    <h6><span>Jetzt zum nachlesen<\/span><\/h6>\n                <h2 class=\"section-title\">Unsere Urteile aufbereitet f\u00fcr Sie!<\/h2>\n            <\/div>\n\n[vc_column_text css=&#8220;.vc_custom_1567990476665{margin-top: -8px !important;margin-bottom: 60px !important;}&#8220;]<span style=\"color: #000000;\">(Ausz\u00fcge aus einem Info des Bundesverbandes der freiberuflichen und unabh\u00e4ngigen Sachverst\u00e4ndigen f\u00fcr das Kraftfahrzeugwesen e.V. -BVSK-)<\/span>[\/vc_column_text][\/vc_column][\/vc_row][vc_row][vc_column][vc_tta_tabs][vc_tta_section title=&#8220;Bagatellschaden&#8220; tab_id=&#8220;1568194950276-d171f3a1-0454&#8243;]\n    <div class=\"section-head \">\n                <h2 class=\"section-title\">Urteile zur Bagatellschadengrenze<\/h2>\n            <\/div>\n\n[vc_masonry_grid post_type=&#8220;post&#8220; max_items=&#8220;10&#8243; grid_id=&#8220;vc_gid:1571135911911-0df54ac6-bbda-3&#8243; taxonomies=&#8220;22&#8243;][\/vc_tta_section][vc_tta_section title=&#8220;Reparaturkosten&#8220; tab_id=&#8220;1568194950295-65ab8fa4-1bab&#8220;]\n    <div class=\"section-head \">\n                <h2 class=\"section-title\">Urteile zu Reparaturkosten, Lohnkosten (markengebundene Fachwerkst\u00e4tten), Ersatzteilaufschl\u00e4ge (UPE), Verbringungskosten, Einlackieren zur Farbanpassung<\/h2>\n            <\/div>\n\n[vc_masonry_grid post_type=&#8220;post&#8220; max_items=&#8220;&#8220; grid_id=&#8220;vc_gid:1571135911912-7d8b1f5a-aaf1-2&#8243; taxonomies=&#8220;2&#8243;][\/vc_tta_section][vc_tta_section title=&#8220;Wertminderung&#8220; tab_id=&#8220;1568195220189-a3c8d423-ff42&#8243;]\n    <div class=\"section-head \">\n                <h2 class=\"section-title\">Urteile zur Wertminderung<\/h2>\n            <\/div>\n\n[vc_masonry_grid post_type=&#8220;post&#8220; max_items=&#8220;&#8220; grid_id=&#8220;vc_gid:1571135911914-000c9414-7b58-0&#8243; taxonomies=&#8220;23&#8243;][\/vc_tta_section][vc_tta_section title=&#8220;130%-Grenze&#8220; tab_id=&#8220;1568195220801-61a907d1-f7f2&#8243;]\n    <div class=\"section-head \">\n                <h2 class=\"section-title\">Urteile zur Reparatur im Rahmen der 130%-Grenze<\/h2>\n            <\/div>\n\n[vc_masonry_grid post_type=&#8220;post&#8220; max_items=&#8220;&#8220; grid_id=&#8220;vc_gid:1571135911916-1b3d1da7-bc8f-9&#8243; taxonomies=&#8220;24&#8243;][\/vc_tta_section][vc_tta_section title=&#8220;Totalschaden&#8220; tab_id=&#8220;1568195221471-cba0f29d-3bc4&#8243;]\n    <div class=\"section-head \">\n                <h2 class=\"section-title\">Urteile zur Totalschadenabrechnung<\/h2>\n            <\/div>\n\n[vc_masonry_grid post_type=&#8220;post&#8220; max_items=&#8220;&#8220; grid_id=&#8220;vc_gid:1571135911918-bf0ac9c6-d294-9&#8243; taxonomies=&#8220;25&#8243;][\/vc_tta_section][vc_tta_section title=&#8220;Restwert&#8220; tab_id=&#8220;1568195222063-dea0de7f-b352&#8243;]\n    <div class=\"section-head \">\n                <h2 class=\"section-title\">Urteile zur H\u00f6he des Restwertes (regionaler Markt\/Restwertb\u00f6rsen)<\/h2>\n            <\/div>\n\n[vc_masonry_grid post_type=&#8220;post&#8220; max_items=&#8220;&#8220; grid_id=&#8220;vc_gid:1571135911920-fb73babf-71fe-6&#8243; taxonomies=&#8220;26&#8243;][\/vc_tta_section][vc_tta_section title=&#8220;Nutzungsausfall&#8220; tab_id=&#8220;1568195222939-68f8a9e0-d354&#8243;]\n    <div class=\"section-head \">\n                <h2 class=\"section-title\">Urteile zum Nutzungsausfall (Dauer\/H\u00f6he) \/ Mietwagenkosten<\/h2>\n            <\/div>\n\n[vc_masonry_grid post_type=&#8220;post&#8220; max_items=&#8220;&#8220; grid_id=&#8220;vc_gid:1571135911921-1a2dbc25-97be-1&#8243; taxonomies=&#8220;27&#8243;][\/vc_tta_section][vc_tta_section title=&#8220;Honorar&#8220; tab_id=&#8220;1568195227380-122c83f8-6924&#8243;]\n    <div class=\"section-head \">\n                <h2 class=\"section-title\">Urteile zu Honorarstreitigkeiten\/Honoraren f\u00fcr Zusatzleistungen (erg\u00e4nzende Stellungnahmen nach ``K\u00fcrzungsorgien``\/Gegengutachten)<\/h2>\n            <\/div>\n\n[vc_masonry_grid post_type=&#8220;post&#8220; max_items=&#8220;&#8220; grid_id=&#8220;vc_gid:1571135911922-b5695a38-b0ef-3&#8243; taxonomies=&#8220;29&#8243;][\/vc_tta_section][\/vc_tta_tabs][\/vc_column][\/vc_row]<\/p>\n","protected":false},"excerpt":{"rendered":"<p>[vc_row equal_height=&#8220;yes&#8220; css=&#8220;.vc_custom_1554350523055{padding-top: 70px !important;padding-bottom: 100px !important;}&#8220;][vc_column][vc_column_text css=&#8220;.vc_custom_1567990476665{margin-top: -8px !important;margin-bottom: 60px !important;}&#8220;](Ausz\u00fcge aus einem Info des Bundesverbandes der freiberuflichen und unabh\u00e4ngigen Sachverst\u00e4ndigen f\u00fcr das Kraftfahrzeugwesen e.V. -BVSK-)[\/vc_column_text][\/vc_column][\/vc_row][vc_row][vc_column][vc_tta_tabs][vc_tta_section title=&#8220;Bagatellschaden&#8220; tab_id=&#8220;1568194950276-d171f3a1-0454&#8243;][vc_masonry_grid post_type=&#8220;post&#8220; max_items=&#8220;10&#8243; grid_id=&#8220;vc_gid:1571135911911-0df54ac6-bbda-3&#8243; taxonomies=&#8220;22&#8243;][\/vc_tta_section][vc_tta_section title=&#8220;Reparaturkosten&#8220; tab_id=&#8220;1568194950295-65ab8fa4-1bab&#8220;][vc_masonry_grid post_type=&#8220;post&#8220; max_items=&#8220;&#8220; grid_id=&#8220;vc_gid:1571135911912-7d8b1f5a-aaf1-2&#8243; taxonomies=&#8220;2&#8243;][\/vc_tta_section][vc_tta_section title=&#8220;Wertminderung&#8220; tab_id=&#8220;1568195220189-a3c8d423-ff42&#8243;][vc_masonry_grid post_type=&#8220;post&#8220; max_items=&#8220;&#8220; grid_id=&#8220;vc_gid:1571135911914-000c9414-7b58-0&#8243; taxonomies=&#8220;23&#8243;][\/vc_tta_section][vc_tta_section title=&#8220;130%-Grenze&#8220; tab_id=&#8220;1568195220801-61a907d1-f7f2&#8243;][vc_masonry_grid post_type=&#8220;post&#8220; max_items=&#8220;&#8220; grid_id=&#8220;vc_gid:1571135911916-1b3d1da7-bc8f-9&#8243; taxonomies=&#8220;24&#8243;][\/vc_tta_section][vc_tta_section title=&#8220;Totalschaden&#8220; tab_id=&#8220;1568195221471-cba0f29d-3bc4&#8243;][vc_masonry_grid post_type=&#8220;post&#8220; max_items=&#8220;&#8220; [&hellip;]<\/p>\n","protected":false},"author":1,"featured_media":2160,"parent":0,"menu_order":0,"comment_status":"closed","ping_status":"closed","template":"","meta":[],"_links":{"self":[{"href":"https:\/\/www.kfz-expert.de\/index.php?rest_route=\/wp\/v2\/pages\/2326"}],"collection":[{"href":"https:\/\/www.kfz-expert.de\/index.php?rest_route=\/wp\/v2\/pages"}],"about":[{"href":"https:\/\/www.kfz-expert.de\/index.php?rest_route=\/wp\/v2\/types\/page"}],"author":[{"embeddable":true,"href":"https:\/\/www.kfz-expert.de\/index.php?rest_route=\/wp\/v2\/users\/1"}],"replies":[{"embeddable":true,"href":"https:\/\/www.kfz-expert.de\/index.php?rest_route=%2Fwp%2Fv2%2Fcomments&post=2326"}],"version-history":[{"count":10,"href":"https:\/\/www.kfz-expert.de\/index.php?rest_route=\/wp\/v2\/pages\/2326\/revisions"}],"predecessor-version":[{"id":2962,"href":"https:\/\/www.kfz-expert.de\/index.php?rest_route=\/wp\/v2\/pages\/2326\/revisions\/2962"}],"wp:featuredmedia":[{"embeddable":true,"href":"https:\/\/www.kfz-expert.de\/index.php?rest_route=\/wp\/v2\/media\/2160"}],"wp:attachment":[{"href":"https:\/\/www.kfz-expert.de\/index.php?rest_route=%2Fwp%2Fv2%2Fmedia&parent=2326"}],"curies":[{"name":"wp","href":"https:\/\/api.w.org\/{rel}","templated":true}]}}