{"id":2182,"date":"2019-09-09T02:05:12","date_gmt":"2019-09-09T00:05:12","guid":{"rendered":"https:\/\/dt.phodra.com\/?page_id=2182"},"modified":"2019-09-09T03:02:30","modified_gmt":"2019-09-09T01:02:30","slug":"fragen-und-antworten","status":"publish","type":"page","link":"https:\/\/www.kfz-expert.de\/?page_id=2182","title":{"rendered":"Fragen &#038; Antworten"},"content":{"rendered":"<p>[vc_row equal_height=&#8220;yes&#8220; css=&#8220;.vc_custom_1554350523055{padding-top: 70px !important;padding-bottom: 100px !important;}&#8220;][vc_column]\n    <div class=\"section-head \">\n                    <h6><span>FAQ<\/span><\/h6>\n                <h2 class=\"section-title\">Fragen und Antworten rund um den Unfall<\/h2>\n            <\/div>\n\n[vc_column_text css=&#8220;.vc_custom_1567990476665{margin-top: -8px !important;margin-bottom: 60px !important;}&#8220;]<span style=\"color: #000000;\">(Ausz\u00fcge aus einem Info des Bundesverbandes der freiberuflichen und unabh\u00e4ngigen Sachverst\u00e4ndigen f\u00fcr das Kraftfahrzeugwesen e.V. -BVSK-)<\/span>[\/vc_column_text][\/vc_column][\/vc_row][vc_row][vc_column css=&#8220;.vc_custom_1567990946308{padding-top: -56px !important;}&#8220;][vc_toggle title=&#8220;1. Wozu braucht man \u00fcberhaupt einen Kfz-Sachverst\u00e4ndigen ?&#8220; style=&#8220;round_outline&#8220; size=&#8220;lg&#8220;]<\/p>\n<ul>\n<li><span style=\"color: #000000;\">Schadensfeststellung nach einem Verkehrsunfall<\/span><\/li>\n<li><span style=\"color: #000000;\">Beweissicherung bei strittigem Unfallhergang<\/span><\/li>\n<li><span style=\"color: #000000;\">Maschinengutachten (Gebrauchtwagenkauf)<\/span><\/li>\n<li><span style=\"color: #000000;\">Fahrzeugbewertungen (Wertgutachten)<\/span><\/li>\n<li><span style=\"color: #000000;\">Oldtimergutachten<\/span><\/li>\n<li><span style=\"color: #000000;\">Unfallrekonstruktion<\/span><\/li>\n<li><span style=\"color: #000000;\">Motorschadenfeststellung (Ursachenermittlung)<\/span><\/li>\n<\/ul>\n<p>[\/vc_toggle][vc_empty_space][vc_toggle title=&#8220;2. Wer kommt f\u00fcr die Kosten des Gutachters auf ?&#8220; style=&#8220;round_outline&#8220; size=&#8220;lg&#8220;]<\/p>\n<ul>\n<li><span style=\"color: #000000;\">Bei einem unverschuldeten Unfall tr\u00e4gt grunds\u00e4tzlich der Sch\u00e4diger bzw. die eintretende Haftpflichtversicherung auch die Kosten des Kfz-Sachverst\u00e4ndigen, da nach st\u00e4ndiger Rechtsprechung des BGH die Kosten f\u00fcr ein Gutachten zum Schaden z\u00e4hlen, der dem Gesch\u00e4digten zu ersetzen ist.<\/span><\/li>\n<\/ul>\n<p>[\/vc_toggle][vc_empty_space][vc_toggle title=&#8220;3. Gibt es Ausnahmen von dieser Kostentragungspflicht ?&#8220; style=&#8220;round_outline&#8220; size=&#8220;lg&#8220;]<\/p>\n<ul>\n<li><span style=\"color: #000000;\">Liegt der Schaden\u00a0<b>f\u00fcr den Laien ersichtlich<\/b>\u00a0unter \u20ac 700,00 kann die Einschaltung eines Sachverst\u00e4ndigen entbehrlich sein. In diesen F\u00e4llen zahlt die Versicherung den Gutachter in der Regel nicht.<\/span><br \/>\n<span style=\"color: #000000;\"><b>siehe auch:\u00a0<\/b><a style=\"color: #000000;\" href=\"https:\/\/www.kfz-expert.de\/definitionen.htm#Bagatellschaden\"><b>Bagetellschaden<\/b><\/a><\/span><\/li>\n<\/ul>\n<p>[\/vc_toggle][vc_empty_space][vc_toggle title=&#8220;4. Reicht es nicht aus, wenn die Versicherung des Unfallgegners einen eigenen Sachverst\u00e4ndigen mit der Schadensfeststellung beauftragt ?&#8220; style=&#8220;round_outline&#8220; size=&#8220;lg&#8220;]<\/p>\n<ul>\n<li><span style=\"color: #000000;\">Der Gesch\u00e4digte ist gut beraten, wenn er immer auf Einschaltung eines unabh\u00e4ngigen Sachverst\u00e4ndigen besteht. Der Sachverst\u00e4ndige der Versicherungsgesellschaft arbeitet schlie\u00dflich bei der Versicherung, die den Schaden letztlich zu bezahlen hat. Der Gesch\u00e4digte sollte daher einen Sachverst\u00e4ndigen seines Vertrauens beauftragen, der sicherstellt, dass auch Wertminderung und Nutzungsausfall neben dem reinen Blechschaden richtig ermittelt werden.<\/span><\/li>\n<\/ul>\n<p>[\/vc_toggle][vc_empty_space][vc_toggle title=&#8220;5. Bei der Vielzahl freier Sachverst\u00e4ndiger auf dem Markt &#8211; wie kann der Gesch\u00e4digte \u00fcberhaupt erkennen, einen seri\u00f6sen qualifizierten Sachverst\u00e4ndigen zu beauftragen ?&#8220; style=&#8220;round_outline&#8220; size=&#8220;lg&#8220;]<\/p>\n<ul>\n<li><span style=\"color: #000000;\">Der Gesch\u00e4digte sollte darauf achten, da\u00df der Sachverst\u00e4ndige Kfz-Meister oder Diplom-Ingenieur und dar\u00fcber hinaus Mitglied in einem anerkannten Berufsverband wie dem BVSK ist. Anhaltspunkt f\u00fcr die Qualifikation ist auch die \u00f6ffentliche Bestellung und Vereidigung durch eine IHK oder Handwerkskammer. \u00dcber den Zentralruf des BVSK in Berlin kann zudem ein qualifizierter Sachverst\u00e4ndiger vor Ort erfragt werden. \u00dcber die Gesch\u00e4ftsstelle des Verbandes oder \u00fcber Ihren BVSK-Sachverst\u00e4ndigen vor Ort k\u00f6nnen \u00fcberdies Unfallp\u00e4sse angefordert werden mit wichtigen Hinweisen f\u00fcr das korrekte Verhalten nach dem Unfall.<\/span><\/li>\n<\/ul>\n<p>[\/vc_toggle][vc_empty_space][vc_toggle title=&#8220;6. Wer tr\u00e4gt die Kosten f\u00fcr den Sachverst\u00e4ndigen bei Kaskoschadensf\u00e4llen ?&#8220; style=&#8220;round_outline&#8220; size=&#8220;lg&#8220;]<\/p>\n<ul>\n<li><span style=\"color: #000000;\">Bei Kaskosch\u00e4den schickt in der Regel die Versicherung einen eigenen Sachverst\u00e4ndigen. Ist man mit der Schadensfeststellung nicht einverstanden, besteht die M\u00f6glichkeit der Anrufung eines sogenannten Sachverst\u00e4ndigenverfahrens. In diesem Verfahren beauftragt der Gesch\u00e4digte einen Sachverst\u00e4ndigen seines Vertrauens. Beide Gutachten werden dann von einem Obergutachter bewertet. Einige Rechtschutzversicherer, so z. B. der ADAC-Rechtschutz, \u00fcbernehmen die im Sachverst\u00e4ndigenverfahren anfallenden Kosten.<\/span><\/li>\n<\/ul>\n<p>[\/vc_toggle][vc_empty_space][vc_toggle title=&#8220;7. Ist es nicht g\u00fcnstiger, bei einem einfachen Schaden lediglich einen Kostenvoranschlag in meiner Reparaturwerkstatt einzuholen ?&#8220; style=&#8220;round_outline&#8220; size=&#8220;lg&#8220;]<\/p>\n<ul>\n<li><span style=\"color: #000000;\">Der Gesch\u00e4digte, der sich nur auf den Kostenvoranschlag seiner Werkstatt verl\u00e4sst, erlebt h\u00e4ufig b\u00f6se \u00dcberraschungen. So hat der Kostenvoranschlag sp\u00e4ter keine beweissichernde Funktion. Zumeist fehlt auch eine Aussage zur Wertminderung. Erst der Sachverst\u00e4ndige kann erkennen, ob es sich tats\u00e4chlich um einen sogenannten einfachen Schaden handelte. H\u00e4ufig sind bei einem vermeintlich leichten Blechschaden tragende Teile besch\u00e4digt bzw. bei einem auf den ersten Blick sehr erheblichen Schaden k\u00f6nnen die Reparaturkosten minimal sein. In jedem Fall also f\u00e4hrt der Gesch\u00e4digte bei Einschaltung eines qualifizierten unabh\u00e4ngigen Sachverst\u00e4ndigen auf Nummer sicher.<\/span><\/li>\n<\/ul>\n<p>[\/vc_toggle][vc_empty_space][vc_toggle title=&#8220;8. Was empfiehlt der Kfz-Sachverst\u00e4ndige, der t\u00e4glich mit Unf\u00e4llen zu tun hat ? Wie soll man sich nach einem Unfall verhalten ?&#8220; style=&#8220;round_outline&#8220; size=&#8220;lg&#8220;]<\/p>\n<ul>\n<li><span style=\"color: #000000;\">Das Wichtigste nach einem Unfall ist &#8222;Ruhe zu bewahren&#8220;. Halten Sie einen handlichen Unfallpass im Wagen vor, wo Sie im Fall des Falles alle Punkte in knapper Form nachlesen k\u00f6nnen. Lassen Sie sich nicht durch den Unfallgegner, Polizei, Zeugen oder Versicherungen einsch\u00fcchtern. Beauftragen Sie einen Rechtsanwalt Ihres Vertrauens und achten Sie auf Einschaltung eines qualifizierten unabh\u00e4ngigen Sachverst\u00e4ndigen<\/span><\/li>\n<\/ul>\n<p>[\/vc_toggle][\/vc_column][\/vc_row]<\/p>\n","protected":false},"excerpt":{"rendered":"<p>[vc_row equal_height=&#8220;yes&#8220; css=&#8220;.vc_custom_1554350523055{padding-top: 70px !important;padding-bottom: 100px !important;}&#8220;][vc_column][vc_column_text css=&#8220;.vc_custom_1567990476665{margin-top: -8px !important;margin-bottom: 60px !important;}&#8220;](Ausz\u00fcge aus einem Info des Bundesverbandes der freiberuflichen und unabh\u00e4ngigen Sachverst\u00e4ndigen f\u00fcr das Kraftfahrzeugwesen e.V. -BVSK-)[\/vc_column_text][\/vc_column][\/vc_row][vc_row][vc_column css=&#8220;.vc_custom_1567990946308{padding-top: -56px !important;}&#8220;][vc_toggle title=&#8220;1. Wozu braucht man \u00fcberhaupt einen Kfz-Sachverst\u00e4ndigen ?&#8220; style=&#8220;round_outline&#8220; size=&#8220;lg&#8220;] Schadensfeststellung nach einem Verkehrsunfall Beweissicherung bei strittigem Unfallhergang Maschinengutachten (Gebrauchtwagenkauf) Fahrzeugbewertungen (Wertgutachten) Oldtimergutachten Unfallrekonstruktion Motorschadenfeststellung [&hellip;]<\/p>\n","protected":false},"author":1,"featured_media":2160,"parent":0,"menu_order":0,"comment_status":"closed","ping_status":"closed","template":"","meta":[],"_links":{"self":[{"href":"https:\/\/www.kfz-expert.de\/index.php?rest_route=\/wp\/v2\/pages\/2182"}],"collection":[{"href":"https:\/\/www.kfz-expert.de\/index.php?rest_route=\/wp\/v2\/pages"}],"about":[{"href":"https:\/\/www.kfz-expert.de\/index.php?rest_route=\/wp\/v2\/types\/page"}],"author":[{"embeddable":true,"href":"https:\/\/www.kfz-expert.de\/index.php?rest_route=\/wp\/v2\/users\/1"}],"replies":[{"embeddable":true,"href":"https:\/\/www.kfz-expert.de\/index.php?rest_route=%2Fwp%2Fv2%2Fcomments&post=2182"}],"version-history":[{"count":8,"href":"https:\/\/www.kfz-expert.de\/index.php?rest_route=\/wp\/v2\/pages\/2182\/revisions"}],"predecessor-version":[{"id":2244,"href":"https:\/\/www.kfz-expert.de\/index.php?rest_route=\/wp\/v2\/pages\/2182\/revisions\/2244"}],"wp:featuredmedia":[{"embeddable":true,"href":"https:\/\/www.kfz-expert.de\/index.php?rest_route=\/wp\/v2\/media\/2160"}],"wp:attachment":[{"href":"https:\/\/www.kfz-expert.de\/index.php?rest_route=%2Fwp%2Fv2%2Fmedia&parent=2182"}],"curies":[{"name":"wp","href":"https:\/\/api.w.org\/{rel}","templated":true}]}}