{"id":1235,"date":"2019-03-22T07:57:16","date_gmt":"2019-03-22T07:57:16","guid":{"rendered":"http:\/\/localhost\/consultax\/?page_id=1235"},"modified":"2019-09-09T02:41:47","modified_gmt":"2019-09-09T00:41:47","slug":"fachbegriffe","status":"publish","type":"page","link":"https:\/\/www.kfz-expert.de\/?page_id=1235","title":{"rendered":"Fachbegriffe"},"content":{"rendered":"<p>[vc_row equal_height=&#8220;yes&#8220; css=&#8220;.vc_custom_1554350523055{padding-top: 70px !important;padding-bottom: 100px !important;}&#8220;][vc_column]\n    <div class=\"section-head \">\n                    <h6><span>Fachbegriffe<\/span><\/h6>\n                <h2 class=\"section-title\">Begriffsdefinitionen rund um den Schaden<\/h2>\n            <\/div>\n\n[vc_column_text css=&#8220;.vc_custom_1567989370061{margin-top: -8px !important;margin-bottom: 60px !important;}&#8220;]<span style=\"color: #000000;\">(Ausz\u00fcge aus einem Info des Bundesverbandes der freiberuflichen und unabh\u00e4ngigen Sachverst\u00e4ndigen f\u00fcr das Kraftfahrzeugwesen e.V. -BVSK-)<\/span>[\/vc_column_text][vc_tta_tour style=&#8220;modern&#8220; active_section=&#8220;1&#8243;][vc_tta_section title=&#8220;Bagatellschaden&#8220; tab_id=&#8220;1567986137215-93a093db-2894&#8243;][vc_column_text]<\/p>\n<ul>\n<li style=\"list-style-type: none;\">\n<ul>\n<li><span style=\"color: #000000;\">Bagatellsch\u00e4den sind Sch\u00e4den, die von einem<b>\u00a0Laien<\/b> eindeutig als solche diagnostiziert werden k\u00f6nnen.<\/span><\/li>\n<li><\/li>\n<li><span style=\"color: #000000;\"><b>In diesem Zusammenhang weisen wir ausdr\u00fccklich darauf hin, dass bei der Konstruktion der Fahrzeuge neueren Datums durch die Verwendung von Kunststoffteilen im Aufprallbereich, Sch\u00e4den hinter diesen Kunststoffteilen\u00a0 meistens nicht erkennbar sind. Bei \u00e4u\u00dferlich sehr geringem Schadenbild ergeben sich nicht selten nach genauerer \u00dcberpr\u00fcfung Schadenh\u00f6hen von mehreren tausend \u20ac. In vielen F\u00e4llen ist ohne die Demontage von Anbauteilen das ganze Ausma\u00df des Schadens kaum feststellbar.\u00a0<\/b><\/span><\/li>\n<\/ul>\n<\/li>\n<\/ul>\n<ul>\n<li style=\"list-style-type: none;\">\n<ul>\n<li><span style=\"color: #ff0000;\"><b>Sollten Sie Zweifel an der Schadenh\u00f6he haben, so helfen wir Ihnen gerne weiter.<\/b><\/span><\/li>\n<\/ul>\n<\/li>\n<\/ul>\n<ul>\n<li style=\"list-style-type: none;\">\n<ul>\n<li><span style=\"color: #000000;\">Der BVSK empfiehlt ein Gutachten ab einer Schadenh\u00f6he von \u20ac 700,00 (incl. Mehrwertsteuer) erstellen zu lassen.<\/span><\/li>\n<\/ul>\n<\/li>\n<\/ul>\n<p><span style=\"color: #000000;\">weiteres finden Sie auch\u00a0<a style=\"color: #000000;\" href=\"https:\/\/www.kfz-expert.de\/betriebe\/bagatellschaden.htm\" target=\"_blank\" rel=\"noopener noreferrer\">hier<\/a><\/span><\/p>\n<ul>\n<li><a href=\"https:\/\/www.kfz-expert.de\/urteile\/bgh_VI_ZR_365-03.htm\"><strong>Urteil des BGH vom 30.11.2004 u.a. zur Bagatellschadengrenze (hier \u20ac 715,00)<\/strong><\/a><\/li>\n<\/ul>\n<p><code><\/code>[\/vc_column_text][\/vc_tta_section][vc_tta_section title=&#8220;Haftpflichtschaden&#8220; tab_id=&#8220;1567986137233-cb917202-99be&#8220;][vc_column_text]<\/p>\n<ul>\n<li><span style=\"color: #000000;\">Im Haftpflichtschadensfall ist der Unfallverursacher verpflichtet, dem Unfallopfer gem\u00e4\u00df \u00a7 249 BGB den Schaden zu ersetzen, den er unfallbedingt erlitten hat. Der Unfallgesch\u00e4digte ist so zu stellen, wie er stehen w\u00fcrde, wenn der Unfall nicht eingetreten w\u00e4re. Im Haftpflichtschadenfall tritt Kraft Gesetzes an die Stelle des Sch\u00e4digers die Haftpflichtversicherung des Unfallbeteiligten (\u00a7 3 Pflichtversicherungsgesetz). Beim Haftpflichtschadensfall werden Schadenersatzanspr\u00fcche geltend gemacht.<\/span><\/li>\n<li><span style=\"color: #000000;\">Hiervon klar zu unterscheiden, sind vertragliche Anspr\u00fcche aus der eigenen Kaskoversicherung.<\/span><\/li>\n<\/ul>\n<p>[\/vc_column_text][\/vc_tta_section][vc_tta_section title=&#8220;Kaskoschaden&#8220; tab_id=&#8220;1567986689978-8b5745fc-a813&#8243;][vc_column_text]<span style=\"color: #000000;\">Im Kaskoschadensfall hat der Versicherungsnehmer bei einem selbst verschuldeten Unfall gem\u00e4\u00df den Versicherungsbedingungen Anspruch auf Ersatz der unfallbedingten Sch\u00e4den. Es handelt sich hier ausschlie\u00dflich um vertragliche Anspr\u00fcche, die streng zu trennen sind von den Schadenersatzanspr\u00fcchen im Haftpflichtschadensfall. Die H\u00f6he der Ersatzleistung richtet sich stets nach den Versicherungsbedingungen (Kaskobedingungen). In der Regel hat der Versicherungsnehmer eine Selbstbeteiligung zu tragen.<\/span>[\/vc_column_text][\/vc_tta_section][vc_tta_section title=&#8220;Totalschaden&#8220; tab_id=&#8220;1567986704497-61e9f7ee-bf88&#8243;][vc_column_text]<\/p>\n<ul>\n<li><span style=\"color: #000000;\">Von einem Totalschaden spricht man, wenn die Wiederherstellung des besch\u00e4digten Fahrzeuges entweder nicht m\u00f6glich (technischer Totalschaden) oder dem Gesch\u00e4digten nicht zumutbar ist (unechter Totalschaden) oder unwirtschaftlich ist (wirtschaftlicher Totalschaden).<\/span><\/li>\n<li><span style=\"color: #000000;\">Der Anspruch auf Wiederherstellung verwandelt sich dann in einen Anspruch aus Geldersatz.<\/span><\/li>\n<li><span style=\"color: #000000;\">Technischer Totalschaden liegt vor bei v\u00f6lliger Zerst\u00f6rung des Fahrzeugs oder bei Unm\u00f6glichkeit der Reparatur aus technischen Gr\u00fcnden.<\/span><\/li>\n<li><span style=\"color: #000000;\">Der wirtschaftliche Totalschaden liegt vor, wenn unter Ber\u00fccksichtigung der wirtschaftlichen Gegebenheiten die Summe aus Reparaturkosten und Wertminderung h\u00f6her ist als die Differenz zwischen Wiederbeschaffungswert und Restwert. Eine Gegen\u00fcberstellung dieser Werte erfolgt in der Regel wenn die Reparaturkosten\u00a0<a style=\"color: #000000;\" href=\"https:\/\/www.kfz-expert.de\/urteile\/70%25-grenze.htm\">70%_des_Wiederbeschaffungswertes<\/a>\u00a0erreichen oder \u00fcbersteigen. Trotz alledem ist in diesen F\u00e4llen eine Reparatur bis zur Opfergrenze (<a style=\"color: #000000;\" href=\"https:\/\/www.kfz-expert.de\/urteile\/130%25-grenze.htm\">130%_des_Wiederbeschaffungswertes<\/a>) m\u00f6glich, wenn der Sachverst\u00e4ndige mit seiner Kalkulation in dieser Grenze bleibt.<\/span><\/li>\n<li><span style=\"color: #000000;\">Von einem unechten Totalschaden spricht man, wenn dem Gesch\u00e4digten die Reparatur nicht zugemutet werden kann, obwohl die Summe aus Minderwert und Reparaturkosten geringer ist als die Differenz zwischen Wiederbeschaffung und Restwert.<\/span><\/li>\n<\/ul>\n<p>[\/vc_column_text][\/vc_tta_section][vc_tta_section title=&#8220;Nutzungsfall&#8220; tab_id=&#8220;1567986719693-fddc0542-1adc&#8220;][vc_column_text]<span style=\"color: #000000;\">Der Gesch\u00e4digte, der kein Ersatzfahrzeug anmietet, hat grunds\u00e4tzlich Anspruch auf Geldentsch\u00e4digung im Sinne von \u00a7 249 Abs. 2 BGB f\u00fcr die Entziehung der Nutzungsm\u00f6glichkeit seines besch\u00e4digten Pkw`s. Die H\u00f6he der Nutzungsausfallentsch\u00e4digung bemi\u00dft sich u. a. nach der Reparaturdauer. Der konkrete Tagessatz kann bspw. der Nutzungsausfallentsch\u00e4digungstabelle &#8222;Sanden, Dannen, K\u00fcppersbusch&#8220; entnommen werden.<\/span>[\/vc_column_text][\/vc_tta_section][vc_tta_section title=&#8220;Wiederbeschaffungswert&#8220; tab_id=&#8220;1567986878762-1baf2852-ae72&#8243;][vc_column_text]<\/p>\n<ul>\n<li><span style=\"color: #000000;\">Der Wiederbeschaffungswert ist der Wert, den der Gesch\u00e4digte f\u00fcr sein eigenes Fahrzeug vor dem Unfall bei einem seri\u00f6sen H\u00e4ndler h\u00e4tte aufwenden m\u00fcssen. Der Sachverst\u00e4ndige ber\u00fccksichtigt bei der Ermittlung des Wiederbeschaffungswertes alle wertbildenden Faktoren sowie die \u00f6rtliche Marktlage.<\/span><\/li>\n<li><span style=\"color: #000000;\">Der Wiederbeschaffungswert ist stets dann Berechnungsgrundlage, wenn der Gesch\u00e4digte auf Basis eines Totalschadens abrechnet.<\/span><\/li>\n<\/ul>\n<p>[\/vc_column_text][\/vc_tta_section][vc_tta_section title=&#8220;Restwert&#8220; tab_id=&#8220;1567986727626-a215dba9-3d56&#8243;][vc_column_text]<\/p>\n<ul>\n<li><span style=\"color: #000000;\"><a style=\"color: #000000;\" href=\"https:\/\/www.kfz-expert.de\/urteile\/bgh_VI_ZR_181-92.htm\">Zur_Definition_des_Restwertes_hat_der_BGH_bereits_am_04.06.1993_entschieden<\/a>, da\u00df der Gesch\u00e4digte bei Aus\u00fcbung der Ersetzungsbefugnis des \u00a7 249 Abs. 2 BGB die Ver\u00e4u\u00dferung seines besch\u00e4digten Kraftfahrzeugs grunds\u00e4tzlich zu demjenigen Preis vornehmen darf, den ein von ihm eingeschalteter unabh\u00e4ngiger Sachverst\u00e4ndiger als Wert auf dem allgemeinen Markt ermittelt hat. Auf h\u00f6here Ankaufpreise spezieller Restwertaufk\u00e4ufer mu\u00df der Gesch\u00e4digte sich in aller Regel nicht verweisen lassen.<\/span><\/li>\n<li><span style=\"color: #000000;\"><a style=\"color: #000000;\" href=\"https:\/\/www.kfz-expert.de\/urteile\/bgh_VI_ZR_219-98.htm\"><b>Restwertentscheidung des BGH vom 30.11.1999<\/b><\/a><\/span><\/li>\n<li>\n<div align=\"left\"><span style=\"color: #000000;\"><b><a style=\"color: #000000;\" href=\"https:\/\/www.kfz-expert.de\/urteile\/bgh_VI_ZR_132-04.htm\">Urteil des BGH vom 12.07.2005 zur Anrechnung des erzielten Restwertes und der Darlegungs- und Beweislast des Versicherers<\/a><\/b><\/span><\/div>\n<\/li>\n<li><span style=\"color: #000000;\">Den Restwert ermittelt demnach ein unabh\u00e4ngiger Sachverst\u00e4ndiger unter Ber\u00fccksichtigung des konkreten Schadenbildes und regionaler Marktgegebenheiten.<\/span><\/li>\n<li><span style=\"color: #000000;\"><b>Bitte beachten Sie auch unsere Hinweise zur<span style=\"color: #ff0000;\">\u00a0<\/span><\/b><span style=\"color: #ff0000;\"><a style=\"color: #ff0000;\" href=\"https:\/\/www.kfz-expert.de\/aktuell\/wissen\/restwert.htm\"><b>Restwertver\u00e4u\u00dferung<\/b><\/a><b>!<\/b><\/span><\/span><\/li>\n<li><\/li>\n<\/ul>\n<p>[\/vc_column_text][\/vc_tta_section][vc_tta_section title=&#8220;Wertminderung (merkantiler Minderwert)&#8220; tab_id=&#8220;1567986766294-204100ac-38c3&#8243;][vc_column_text]<\/p>\n<ul>\n<li><span style=\"color: #000000;\">Der Minderwert ist ein erstattungsf\u00e4higer Schaden, der damit begr\u00fcndet wird, da\u00df ein Unfallwagen im Falle eines sp\u00e4teren Verkaufs einen geringeren Erl\u00f6s erzielen kann, als vergleichbare Fahrzeuge ohne Vorsch\u00e4den.\u00a0Die Offenbarungspflicht eines Schadens hat erheblichen Einflu\u00df auf das Vorliegen eines merkantilen Minderwertes.<\/span><\/li>\n<li><span style=\"color: #000000;\">Der Minderwert wird durch einen unabh\u00e4ngigen Sachverst\u00e4ndigen im Gutachten gesondert ausgewiesen.<\/span><\/li>\n<li><span style=\"color: #000000;\">In vielen F\u00e4llen wird auch nach dem 5. Betriebsjahr bzw. einer Laufleistung von mehr als 100.000 km ein auszugleichender Minderwert feststellbar sein.<\/span><\/li>\n<\/ul>\n<p>[\/vc_column_text][\/vc_tta_section][\/vc_tta_tour][\/vc_column][\/vc_row]<\/p>\n","protected":false},"excerpt":{"rendered":"<p>[vc_row equal_height=&#8220;yes&#8220; css=&#8220;.vc_custom_1554350523055{padding-top: 70px !important;padding-bottom: 100px !important;}&#8220;][vc_column][vc_column_text css=&#8220;.vc_custom_1567989370061{margin-top: -8px !important;margin-bottom: 60px !important;}&#8220;](Ausz\u00fcge aus einem Info des Bundesverbandes der freiberuflichen und unabh\u00e4ngigen Sachverst\u00e4ndigen f\u00fcr das Kraftfahrzeugwesen e.V. -BVSK-)[\/vc_column_text][vc_tta_tour style=&#8220;modern&#8220; active_section=&#8220;1&#8243;][vc_tta_section title=&#8220;Bagatellschaden&#8220; tab_id=&#8220;1567986137215-93a093db-2894&#8243;][vc_column_text] Bagatellsch\u00e4den sind Sch\u00e4den, die von einem\u00a0Laien eindeutig als solche diagnostiziert werden k\u00f6nnen. In diesem Zusammenhang weisen wir ausdr\u00fccklich darauf hin, dass bei der Konstruktion [&hellip;]<\/p>\n","protected":false},"author":1,"featured_media":2160,"parent":0,"menu_order":0,"comment_status":"closed","ping_status":"closed","template":"","meta":[],"_links":{"self":[{"href":"https:\/\/www.kfz-expert.de\/index.php?rest_route=\/wp\/v2\/pages\/1235"}],"collection":[{"href":"https:\/\/www.kfz-expert.de\/index.php?rest_route=\/wp\/v2\/pages"}],"about":[{"href":"https:\/\/www.kfz-expert.de\/index.php?rest_route=\/wp\/v2\/types\/page"}],"author":[{"embeddable":true,"href":"https:\/\/www.kfz-expert.de\/index.php?rest_route=\/wp\/v2\/users\/1"}],"replies":[{"embeddable":true,"href":"https:\/\/www.kfz-expert.de\/index.php?rest_route=%2Fwp%2Fv2%2Fcomments&post=1235"}],"version-history":[{"count":20,"href":"https:\/\/www.kfz-expert.de\/index.php?rest_route=\/wp\/v2\/pages\/1235\/revisions"}],"predecessor-version":[{"id":2223,"href":"https:\/\/www.kfz-expert.de\/index.php?rest_route=\/wp\/v2\/pages\/1235\/revisions\/2223"}],"wp:featuredmedia":[{"embeddable":true,"href":"https:\/\/www.kfz-expert.de\/index.php?rest_route=\/wp\/v2\/media\/2160"}],"wp:attachment":[{"href":"https:\/\/www.kfz-expert.de\/index.php?rest_route=%2Fwp%2Fv2%2Fmedia&parent=1235"}],"curies":[{"name":"wp","href":"https:\/\/api.w.org\/{rel}","templated":true}]}}